{"id":1271,"date":"2021-04-16T09:54:10","date_gmt":"2021-04-16T09:54:10","guid":{"rendered":"http:\/\/anita.top\/index.php\/about\/"},"modified":"2026-03-28T16:49:01","modified_gmt":"2026-03-28T15:49:01","slug":"about","status":"publish","type":"page","link":"https:\/\/anita.top\/index.php\/about\/","title":{"rendered":"Bio"},"content":{"rendered":"\n<figure class=\"wp-block-image size-large is-resized\"><img loading=\"lazy\" decoding=\"async\" width=\"576\" height=\"1024\" src=\"https:\/\/anita.top\/wp-content\/uploads\/2023\/07\/ANITA-NB1-576x1024.jpg\" alt=\"\" class=\"wp-image-2150\" style=\"width:351px;height:625px\" srcset=\"https:\/\/anita.top\/wp-content\/uploads\/2023\/07\/ANITA-NB1-576x1024.jpg 576w, https:\/\/anita.top\/wp-content\/uploads\/2023\/07\/ANITA-NB1-169x300.jpg 169w, https:\/\/anita.top\/wp-content\/uploads\/2023\/07\/ANITA-NB1.jpg 675w\" sizes=\"auto, (max-width: 576px) 100vw, 576px\" \/><\/figure>\n\n\n\n<div class=\"wp-block-uagb-container uagb-block-d390b8e0 alignfull uagb-is-root-container\"><div class=\"uagb-container-inner-blocks-wrap\">\n<div class=\"wp-block-uagb-info-box uagb-block-bbed7228 uagb-infobox__content-wrap  uagb-infobox-icon-above-title uagb-infobox-image-valign-top\"><div class=\"uagb-ifb-content\"><div class=\"uagb-ifb-title-wrap\"><h2 class=\"uagb-ifb-title\"><strong><strong>ANITA, c\u2019est une fl\u00e8che d\u00e9coch\u00e9e en plein galop<\/strong><\/strong><\/h2><\/div><div class=\"uagb-ifb-separator\"><\/div><p class=\"uagb-ifb-desc\"><br>ANITA, c\u2019est une fl\u00e8che d\u00e9coch\u00e9e en plein galop. Artiste et autrice-compositrice, elle trace une voie singuli\u00e8re \u00e0 la crois\u00e9e de la chanson francophone, de la pop \u00e9lectro et rythmes world.<br><br>Berc\u00e9e d\u00e8s l\u2019enfance par la musique live sur la p\u00e9niche du festival Convivencia, Anita Fraysse forge un univers vibrant, o\u00f9 po\u00e9sie imag\u00e9e et productions puissantes accompagnent une parole intime et r\u00e9solument f\u00e9ministe. Sur sc\u00e8ne, les polyphonies agiles se r\u00e9pondent, la guitare s\u2019envole et le groove d\u00e9clenche la danse, pour un voyage planant, furieusement cr\u00e9atif.<\/p><\/div><\/div>\n<\/div><\/div>\n\n\n\n<div class=\"wp-block-uagb-container uagb-block-5d46e11b alignfull uagb-is-root-container\"><div class=\"uagb-container-inner-blocks-wrap\">\n<div class=\"wp-block-group\"><div class=\"wp-block-group__inner-container is-layout-constrained wp-block-group-is-layout-constrained\">\n<p>En totale ind\u00e9pendance, farouchement autod\u00e9termin\u00e9e, ANITA sort en 2023 son premier album <em>N\u00e9buleuse en st\u00e9r\u00e9o<\/em>, et multiplie les concerts avec une \u00e9nergie d\u00e9bordante. Sa musique s\u2019attaque aux injonctions de la \u201cfemme feng-shui\u201d \u2013 lisse, \u00e9quilibr\u00e9e, conforme \u2013 pour mieux les d\u00e9tourner et les faire exploser. Elle y fait \u00e9merger la figure de la \u201cbad mommy\u201d, libre, imparfaite, puissante, qui revendique le droit d\u2019\u00eatre multiple et indocile. Une r\u00e9volution intime, joyeuse et profond\u00e9ment lib\u00e9ratrice.<\/p>\n\n\n\n<p class=\"has-normal-font-size\"><strong>Tr\u00e8s vite remarqu\u00e9 par Andr\u00e9 Manoukian, il dira du morceau <em>Bad Mommy<\/em>&nbsp;: \u00ab&nbsp;\u00c7a fait tellement plaisir la r\u00e9volution de la femme feng-shui. Anita se fout de toutes ces injonctions que la femme devrait suivre. Il y a quelque chose de jubilatoire et de lib\u00e9rateur dans sa musique.&nbsp;\u00bb<\/strong><\/p>\n<\/div><\/div>\n<\/div><\/div>\n\n\n\n<p><\/p>\n","protected":false},"excerpt":{"rendered":"<p>En totale ind\u00e9pendance, farouchement autod\u00e9termin\u00e9e, ANITA sort en 2023 son premier album N\u00e9buleuse en st\u00e9r\u00e9o, et multiplie les concerts avec une \u00e9nergie d\u00e9bordante. Sa musique s\u2019attaque aux injonctions de la<a href=\"https:\/\/anita.top\/index.php\/about\/\" class=\"more-link\"><span class=\"readmore\">Continue reading<span class=\"screen-reader-text\">Bio<\/span><\/span><\/a><\/p>\n","protected":false},"author":1,"featured_media":0,"parent":0,"menu_order":0,"comment_status":"closed","ping_status":"closed","template":"","meta":{"_uag_custom_page_level_css":"","footnotes":""},"class_list":["post-1271","page","type-page","status-publish","hentry"],"uagb_featured_image_src":{"full":false,"thumbnail":false,"medium":false,"medium_large":false,"large":false,"1536x1536":false,"2048x2048":false,"post-thumbnail":false,"my-music-band-archive-top":false,"my-music-band-hero":false,"my-music-band-featured":false,"my-music-band-slider":false,"my-music-band-testimonial":false},"uagb_author_info":{"display_name":"Anita Fraysse","author_link":"https:\/\/anita.top\/index.php\/author\/admin3059\/"},"uagb_comment_info":0,"uagb_excerpt":"En totale ind\u00e9pendance, farouchement autod\u00e9termin\u00e9e, ANITA sort en 2023 son premier album N\u00e9buleuse en st\u00e9r\u00e9o, et multiplie les concerts avec une \u00e9nergie d\u00e9bordante. Sa musique s\u2019attaque aux injonctions de laContinue readingBio","_links":{"self":[{"href":"https:\/\/anita.top\/index.php\/wp-json\/wp\/v2\/pages\/1271","targetHints":{"allow":["GET"]}}],"collection":[{"href":"https:\/\/anita.top\/index.php\/wp-json\/wp\/v2\/pages"}],"about":[{"href":"https:\/\/anita.top\/index.php\/wp-json\/wp\/v2\/types\/page"}],"author":[{"embeddable":true,"href":"https:\/\/anita.top\/index.php\/wp-json\/wp\/v2\/users\/1"}],"replies":[{"embeddable":true,"href":"https:\/\/anita.top\/index.php\/wp-json\/wp\/v2\/comments?post=1271"}],"version-history":[{"count":31,"href":"https:\/\/anita.top\/index.php\/wp-json\/wp\/v2\/pages\/1271\/revisions"}],"predecessor-version":[{"id":2321,"href":"https:\/\/anita.top\/index.php\/wp-json\/wp\/v2\/pages\/1271\/revisions\/2321"}],"wp:attachment":[{"href":"https:\/\/anita.top\/index.php\/wp-json\/wp\/v2\/media?parent=1271"}],"curies":[{"name":"wp","href":"https:\/\/api.w.org\/{rel}","templated":true}]}}