{"id":2025,"date":"2023-03-06T20:58:03","date_gmt":"2023-03-06T19:58:03","guid":{"rendered":"http:\/\/anita.top\/?page_id=2025"},"modified":"2025-01-27T16:28:00","modified_gmt":"2025-01-27T15:28:00","slug":"medias","status":"publish","type":"page","link":"https:\/\/anita.top\/index.php\/medias\/","title":{"rendered":"M\u00e9dias"},"content":{"rendered":"\n<div class=\"wp-block-uagb-advanced-heading uagb-block-e8405e62\"><h2 class=\"uagb-heading-text\">Les premi\u00e8res impressions d&rsquo;Andr\u00e9 Manoukian<\/h2><\/div>\n\n\n<!--presto-player:video_id=4--><figure class=\"wp-block-video presto-block-video  presto-provider-youtube\" style=\"--plyr-color-main: var(--presto-player-highlight-color, #d6be26); --presto-player-logo-width: 150px; \">\n    <presto-player  id=\"presto-player-1\" src=\"\/\/www.youtube.com\/embed\/TXEnCG2r6Cw?iv_load_policy=3&amp;modestbranding=1&amp;playinline=1&amp;showinfo=0&amp;rel=0&amp;enablejsapi=1\" media-title=\"ANITA - Le feedback d&#039;Andr\u00e9 Manoukian\" css=\"\" class=\"presto-video-id-4 presto-preset-id-1 skin-modern\" skin=\"modern\" icon-url=\"https:\/\/anita.top\/wp-content\/plugins\/presto-player\/img\/sprite.svg\" preload=\"\" poster=\"\" playsinline  >\n        \n    <div class=\"presto-iframe-fallback-container\">\n        <iframe style=\"width: 100%\" title=\"Youtube Video\" class=\"presto-fallback-iframe\" id=\"presto-iframe-fallback-1\" data-src=\"https:\/\/www.youtube.com\/embed\/TXEnCG2r6Cw?iv_load_policy=3&amp;modestbranding=1&amp;playsinline=1&amp;showinfo=0&amp;rel=0&amp;enablejsapi=1\" allowfullscreen allowtransparency allow=\"autoplay\"><\/iframe>\n    <\/div>\n\n    <\/presto-player>\n<\/figure>\t\t<script>\n\t\t\tvar player = document.querySelector('presto-player#presto-player-1');\n\t\t\tplayer.video_id = 4;\n\t\t\t\t\t\t\t\t\t\t\t\tplayer.preset = {\"id\":1,\"name\":\"Default\",\"slug\":\"default\",\"icon\":\"format-video\",\"skin\":\"modern\",\"play-large\":true,\"rewind\":true,\"play\":true,\"fast-forward\":true,\"progress\":true,\"current-time\":true,\"mute\":true,\"volume\":true,\"speed\":false,\"pip\":false,\"fullscreen\":true,\"captions\":false,\"reset_on_end\":true,\"auto_hide\":true,\"captions_enabled\":false,\"save_player_position\":true,\"sticky_scroll\":false,\"sticky_scroll_position\":\"bottom right\",\"on_video_end\":\"select\",\"play_video_viewport\":false,\"hide_youtube\":false,\"lazy_load_youtube\":false,\"hide_logo\":false,\"border_radius\":0,\"caption_style\":\"\",\"caption_background\":\"\",\"is_locked\":true,\"cta\":[\"\"],\"watermark\":[\"\"],\"search\":[\"\"],\"email_collection\":[\"\"],\"action_bar\":[\"\"],\"created_by\":1,\"created_at\":\"2023-01-27 13:03:31\",\"updated_at\":\"2023-01-27 13:03:31\",\"deleted_at\":\"\",\"show_time_elapsed\":false};\n\t\t\t\t\t\t\t\t\t\t\t\t\t\t\t\tplayer.chapters = [];\n\t\t\t\t\t\t\t\t\t\t\t\t\t\t\t\tplayer.overlays = [];\n\t\t\t\t\t\t\t\t\t\t\t\t\t\t\t\tplayer.tracks = [];\n\t\t\t\t\t\t\t\t\t\t\t\t\t\t\t\tplayer.branding = {\"logo\":\"\",\"color\":\"#d6be26\",\"logo_width\":150,\"player_css\":\"\"};\n\t\t\t\t\t\t\t\t\t\t\t\t\t\t\t\tplayer.blockAttributes = {\"playsInline\":true,\"mutedPreview\":{\"enabled\":false,\"captions\":false},\"mutedOverlay\":{\"enabled\":false,\"type\":\"text\",\"text\":\"\",\"src\":\"\",\"width\":200,\"focalPoint\":{\"x\":0.5,\"y\":0.5}},\"id\":4,\"src\":\"https:\\\/\\\/youtu.be\\\/TXEnCG2r6Cw\",\"preset\":1,\"chapters\":[],\"overlays\":[],\"tracks\":[],\"video_id\":\"TXEnCG2r6Cw\",\"visibility\":\"public\",\"color\":\"#00b3ff\",\"mutedOverlayType\":\"text\",\"mutedOverlayText\":\"Click to play\",\"mutedOverlayImageWidth\":200,\"title\":\"ANITA - Le feedback d'Andr\\u00e9 Manoukian\"};\n\t\t\t\t\t\t\t\t\t\t\t\t\t\t\t\t\t\t\t\t\t\t\tplayer.skin = \"modern\";\n\t\t\t\t\t\t\t\t\t\t\t\t\t\t\t\tplayer.analytics = false;\n\t\t\t\t\t\t\t\t\t\t\t\t\t\t\t\tplayer.automations = true;\n\t\t\t\t\t\t\t\t\t\t\t\t\t\t\t\tplayer.provider = \"youtube\";\n\t\t\t\t\t\t\t\t\t\t\t\t\t\t\t\tplayer.video_id = 4;\n\t\t\t\t\t\t\t\t\t\t\t\t\t\t\t\t\t\t\t\t\t\t\t\t\t\t\t\t\t\tplayer.provider_video_id = \"TXEnCG2r6Cw\";\n\t\t\t\t\t\t\t\t\t\t\t\t\t\t\t\tplayer.youtube = {\"noCookie\":false,\"channelId\":\"\",\"show_count\":false};\n\t\t\t\t\t\t\t\t\t<\/script>\n\t\t\n\n\n<p class=\"has-text-align-left\"><sub>Extrait vid\u00e9o Twitch du 22\/03\/23 &#8211; Artist Music Program de MusicMatch<\/sub><\/p>\n\n\n\n<p><strong>\u00ab\u00a0\u00e7a fait tellement plaisir la r\u00e9volution de la femme feng-shui. Anita se fout de toutes ces injonctions que la femme devrait suivre. Il y a quelque chose de jubilatoire et de lib\u00e9rateur dans sa musique.\u00a0\u00bb<\/strong><\/p>\n\n\n\n<h2 class=\"wp-block-heading\">Presse<\/h2>\n\n\n\n<div class=\"wp-block-uagb-separator uagb-block-8fb33b6d\"><div class=\"wp-block-uagb-separator__inner\" style=\"--my-background-image:\"><\/div><\/div>\n\n\n\n<div class=\"wp-block-uagb-advanced-heading uagb-block-fed3c2dd\"><h2 class=\"uagb-heading-text\">Le Brigadier x D\u00e9tours de Chant<\/h2><\/div>\n\n\n\n<figure class=\"wp-block-image size-large\"><img loading=\"lazy\" decoding=\"async\" width=\"1024\" height=\"668\" src=\"https:\/\/anita.top\/wp-content\/uploads\/2025\/01\/ANITA-Brigadier-x-Detour-Chant-1024x668.jpg\" alt=\"\" class=\"wp-image-2252\" srcset=\"https:\/\/anita.top\/wp-content\/uploads\/2025\/01\/ANITA-Brigadier-x-Detour-Chant-1024x668.jpg 1024w, https:\/\/anita.top\/wp-content\/uploads\/2025\/01\/ANITA-Brigadier-x-Detour-Chant-300x196.jpg 300w, https:\/\/anita.top\/wp-content\/uploads\/2025\/01\/ANITA-Brigadier-x-Detour-Chant-768x501.jpg 768w, https:\/\/anita.top\/wp-content\/uploads\/2025\/01\/ANITA-Brigadier-x-Detour-Chant-1536x1002.jpg 1536w, https:\/\/anita.top\/wp-content\/uploads\/2025\/01\/ANITA-Brigadier-x-Detour-Chant-2048x1336.jpg 2048w\" sizes=\"auto, (max-width: 1024px) 100vw, 1024px\" \/><\/figure>\n\n\n\n<div class=\"wp-block-uagb-advanced-heading uagb-block-b51d3443\"><h2 class=\"uagb-heading-text\">La D\u00e9p\u00eache du Midi<\/h2><\/div>\n\n\n\n<figure class=\"wp-block-gallery has-nested-images columns-default is-cropped wp-block-gallery-1 is-layout-flex wp-block-gallery-is-layout-flex\">\n<figure class=\"wp-block-image size-large\"><img loading=\"lazy\" decoding=\"async\" width=\"1024\" height=\"768\" data-id=\"2026\" src=\"https:\/\/anita.top\/wp-content\/uploads\/2023\/03\/PXL_20230304_2115328242-1024x768.jpg\" alt=\"\" class=\"wp-image-2026\" srcset=\"https:\/\/anita.top\/wp-content\/uploads\/2023\/03\/PXL_20230304_2115328242-1024x768.jpg 1024w, https:\/\/anita.top\/wp-content\/uploads\/2023\/03\/PXL_20230304_2115328242-300x225.jpg 300w, https:\/\/anita.top\/wp-content\/uploads\/2023\/03\/PXL_20230304_2115328242-768x576.jpg 768w, https:\/\/anita.top\/wp-content\/uploads\/2023\/03\/PXL_20230304_2115328242-1536x1152.jpg 1536w, https:\/\/anita.top\/wp-content\/uploads\/2023\/03\/PXL_20230304_2115328242-2048x1536.jpg 2048w, https:\/\/anita.top\/wp-content\/uploads\/2023\/03\/PXL_20230304_2115328242-960x720.jpg 960w, https:\/\/anita.top\/wp-content\/uploads\/2023\/03\/PXL_20230304_2115328242-640x480.jpg 640w\" sizes=\"auto, (max-width: 1024px) 100vw, 1024px\" \/><\/figure>\n\n\n\n<figure class=\"wp-block-image size-large\"><img loading=\"lazy\" decoding=\"async\" width=\"1024\" height=\"768\" data-id=\"2027\" src=\"https:\/\/anita.top\/wp-content\/uploads\/2023\/03\/PXL_20230304_2115200542-1024x768.jpg\" alt=\"\" class=\"wp-image-2027\" srcset=\"https:\/\/anita.top\/wp-content\/uploads\/2023\/03\/PXL_20230304_2115200542-1024x768.jpg 1024w, https:\/\/anita.top\/wp-content\/uploads\/2023\/03\/PXL_20230304_2115200542-300x225.jpg 300w, https:\/\/anita.top\/wp-content\/uploads\/2023\/03\/PXL_20230304_2115200542-768x576.jpg 768w, https:\/\/anita.top\/wp-content\/uploads\/2023\/03\/PXL_20230304_2115200542-1536x1152.jpg 1536w, https:\/\/anita.top\/wp-content\/uploads\/2023\/03\/PXL_20230304_2115200542-2048x1536.jpg 2048w, https:\/\/anita.top\/wp-content\/uploads\/2023\/03\/PXL_20230304_2115200542-960x720.jpg 960w, https:\/\/anita.top\/wp-content\/uploads\/2023\/03\/PXL_20230304_2115200542-640x480.jpg 640w\" sizes=\"auto, (max-width: 1024px) 100vw, 1024px\" \/><\/figure>\n<\/figure>\n\n\n\n<p>Article paru dans La D\u00e9p\u00eache le 2\/03\/23.<\/p>\n\n\n\n<hr class=\"wp-block-separator has-alpha-channel-opacity\"\/>\n\n\n\n<hr class=\"wp-block-separator has-alpha-channel-opacity\"\/>\n\n\n\n<ul class=\"wp-block-social-links aligncenter has-large-icon-size is-layout-flex wp-block-social-links-is-layout-flex\"><li class=\"wp-social-link wp-social-link-spotify  wp-block-social-link\"><a href=\"https:\/\/open.spotify.com\/artist\/5CaNlZFVXn4YN0oFkguf1I?si=StM4pH8MRiOUwBOqgld2Wg\" class=\"wp-block-social-link-anchor\"><svg width=\"24\" height=\"24\" viewBox=\"0 0 24 24\" version=\"1.1\" xmlns=\"http:\/\/www.w3.org\/2000\/svg\" aria-hidden=\"true\" focusable=\"false\"><path d=\"M12,2C6.477,2,2,6.477,2,12c0,5.523,4.477,10,10,10c5.523,0,10-4.477,10-10C22,6.477,17.523,2,12,2 M16.586,16.424 c-0.18,0.295-0.563,0.387-0.857,0.207c-2.348-1.435-5.304-1.76-8.785-0.964c-0.335,0.077-0.67-0.133-0.746-0.469 c-0.077-0.335,0.132-0.67,0.469-0.746c3.809-0.871,7.077-0.496,9.713,1.115C16.673,15.746,16.766,16.13,16.586,16.424 M17.81,13.7 c-0.226,0.367-0.706,0.482-1.072,0.257c-2.687-1.652-6.785-2.131-9.965-1.166C6.36,12.917,5.925,12.684,5.8,12.273 C5.675,11.86,5.908,11.425,6.32,11.3c3.632-1.102,8.147-0.568,11.234,1.328C17.92,12.854,18.035,13.335,17.81,13.7 M17.915,10.865 c-3.223-1.914-8.54-2.09-11.618-1.156C5.804,9.859,5.281,9.58,5.131,9.086C4.982,8.591,5.26,8.069,5.755,7.919 c3.532-1.072,9.404-0.865,13.115,1.338c0.445,0.264,0.59,0.838,0.327,1.282C18.933,10.983,18.359,11.129,17.915,10.865\"><\/path><\/svg><span class=\"wp-block-social-link-label screen-reader-text\">Spotify<\/span><\/a><\/li>\n\n<li class=\"wp-social-link wp-social-link-instagram  wp-block-social-link\"><a href=\"https:\/\/www.instagram.com\/nit.anita.nit\/\" class=\"wp-block-social-link-anchor\"><svg width=\"24\" height=\"24\" viewBox=\"0 0 24 24\" version=\"1.1\" xmlns=\"http:\/\/www.w3.org\/2000\/svg\" aria-hidden=\"true\" focusable=\"false\"><path d=\"M12,4.622c2.403,0,2.688,0.009,3.637,0.052c0.877,0.04,1.354,0.187,1.671,0.31c0.42,0.163,0.72,0.358,1.035,0.673 c0.315,0.315,0.51,0.615,0.673,1.035c0.123,0.317,0.27,0.794,0.31,1.671c0.043,0.949,0.052,1.234,0.052,3.637 s-0.009,2.688-0.052,3.637c-0.04,0.877-0.187,1.354-0.31,1.671c-0.163,0.42-0.358,0.72-0.673,1.035 c-0.315,0.315-0.615,0.51-1.035,0.673c-0.317,0.123-0.794,0.27-1.671,0.31c-0.949,0.043-1.233,0.052-3.637,0.052 s-2.688-0.009-3.637-0.052c-0.877-0.04-1.354-0.187-1.671-0.31c-0.42-0.163-0.72-0.358-1.035-0.673 c-0.315-0.315-0.51-0.615-0.673-1.035c-0.123-0.317-0.27-0.794-0.31-1.671C4.631,14.688,4.622,14.403,4.622,12 s0.009-2.688,0.052-3.637c0.04-0.877,0.187-1.354,0.31-1.671c0.163-0.42,0.358-0.72,0.673-1.035 c0.315-0.315,0.615-0.51,1.035-0.673c0.317-0.123,0.794-0.27,1.671-0.31C9.312,4.631,9.597,4.622,12,4.622 M12,3 C9.556,3,9.249,3.01,8.289,3.054C7.331,3.098,6.677,3.25,6.105,3.472C5.513,3.702,5.011,4.01,4.511,4.511 c-0.5,0.5-0.808,1.002-1.038,1.594C3.25,6.677,3.098,7.331,3.054,8.289C3.01,9.249,3,9.556,3,12c0,2.444,0.01,2.751,0.054,3.711 c0.044,0.958,0.196,1.612,0.418,2.185c0.23,0.592,0.538,1.094,1.038,1.594c0.5,0.5,1.002,0.808,1.594,1.038 c0.572,0.222,1.227,0.375,2.185,0.418C9.249,20.99,9.556,21,12,21s2.751-0.01,3.711-0.054c0.958-0.044,1.612-0.196,2.185-0.418 c0.592-0.23,1.094-0.538,1.594-1.038c0.5-0.5,0.808-1.002,1.038-1.594c0.222-0.572,0.375-1.227,0.418-2.185 C20.99,14.751,21,14.444,21,12s-0.01-2.751-0.054-3.711c-0.044-0.958-0.196-1.612-0.418-2.185c-0.23-0.592-0.538-1.094-1.038-1.594 c-0.5-0.5-1.002-0.808-1.594-1.038c-0.572-0.222-1.227-0.375-2.185-0.418C14.751,3.01,14.444,3,12,3L12,3z M12,7.378 c-2.552,0-4.622,2.069-4.622,4.622S9.448,16.622,12,16.622s4.622-2.069,4.622-4.622S14.552,7.378,12,7.378z M12,15 c-1.657,0-3-1.343-3-3s1.343-3,3-3s3,1.343,3,3S13.657,15,12,15z M16.804,6.116c-0.596,0-1.08,0.484-1.08,1.08 s0.484,1.08,1.08,1.08c0.596,0,1.08-0.484,1.08-1.08S17.401,6.116,16.804,6.116z\"><\/path><\/svg><span class=\"wp-block-social-link-label screen-reader-text\">Instagram<\/span><\/a><\/li>\n\n<li class=\"wp-social-link wp-social-link-facebook  wp-block-social-link\"><a href=\"https:\/\/www.facebook.com\/profile.php?id=100086439163425\" class=\"wp-block-social-link-anchor\"><svg width=\"24\" height=\"24\" viewBox=\"0 0 24 24\" version=\"1.1\" xmlns=\"http:\/\/www.w3.org\/2000\/svg\" aria-hidden=\"true\" focusable=\"false\"><path d=\"M12 2C6.5 2 2 6.5 2 12c0 5 3.7 9.1 8.4 9.9v-7H7.9V12h2.5V9.8c0-2.5 1.5-3.9 3.8-3.9 1.1 0 2.2.2 2.2.2v2.5h-1.3c-1.2 0-1.6.8-1.6 1.6V12h2.8l-.4 2.9h-2.3v7C18.3 21.1 22 17 22 12c0-5.5-4.5-10-10-10z\"><\/path><\/svg><span class=\"wp-block-social-link-label screen-reader-text\">Facebook<\/span><\/a><\/li>\n\n<li class=\"wp-social-link wp-social-link-youtube  wp-block-social-link\"><a href=\"https:\/\/www.youtube.com\/channel\/UCGTcUnRz9owUAUMZSEjU-8A\" class=\"wp-block-social-link-anchor\"><svg width=\"24\" height=\"24\" viewBox=\"0 0 24 24\" version=\"1.1\" xmlns=\"http:\/\/www.w3.org\/2000\/svg\" aria-hidden=\"true\" focusable=\"false\"><path d=\"M21.8,8.001c0,0-0.195-1.378-0.795-1.985c-0.76-0.797-1.613-0.801-2.004-0.847c-2.799-0.202-6.997-0.202-6.997-0.202 h-0.009c0,0-4.198,0-6.997,0.202C4.608,5.216,3.756,5.22,2.995,6.016C2.395,6.623,2.2,8.001,2.2,8.001S2,9.62,2,11.238v1.517 c0,1.618,0.2,3.237,0.2,3.237s0.195,1.378,0.795,1.985c0.761,0.797,1.76,0.771,2.205,0.855c1.6,0.153,6.8,0.201,6.8,0.201 s4.203-0.006,7.001-0.209c0.391-0.047,1.243-0.051,2.004-0.847c0.6-0.607,0.795-1.985,0.795-1.985s0.2-1.618,0.2-3.237v-1.517 C22,9.62,21.8,8.001,21.8,8.001z M9.935,14.594l-0.001-5.62l5.404,2.82L9.935,14.594z\"><\/path><\/svg><span class=\"wp-block-social-link-label screen-reader-text\">YouTube<\/span><\/a><\/li>\n\n<li class=\"wp-social-link wp-social-link-soundcloud  wp-block-social-link\"><a href=\"https:\/\/soundcloud.com\/user-158738886\" class=\"wp-block-social-link-anchor\"><svg width=\"24\" height=\"24\" viewBox=\"0 0 24 24\" version=\"1.1\" xmlns=\"http:\/\/www.w3.org\/2000\/svg\" aria-hidden=\"true\" focusable=\"false\"><path d=\"M8.9,16.1L9,14L8.9,9.5c0-0.1,0-0.1-0.1-0.1c0,0-0.1-0.1-0.1-0.1c-0.1,0-0.1,0-0.1,0.1c0,0-0.1,0.1-0.1,0.1L8.3,14l0.1,2.1 c0,0.1,0,0.1,0.1,0.1c0,0,0.1,0.1,0.1,0.1C8.8,16.3,8.9,16.3,8.9,16.1z M11.4,15.9l0.1-1.8L11.4,9c0-0.1,0-0.2-0.1-0.2 c0,0-0.1,0-0.1,0s-0.1,0-0.1,0c-0.1,0-0.1,0.1-0.1,0.2l0,0.1l-0.1,5c0,0,0,0.7,0.1,2v0c0,0.1,0,0.1,0.1,0.1c0.1,0.1,0.1,0.1,0.2,0.1 c0.1,0,0.1,0,0.2-0.1c0.1,0,0.1-0.1,0.1-0.2L11.4,15.9z M2.4,12.9L2.5,14l-0.2,1.1c0,0.1,0,0.1-0.1,0.1c0,0-0.1,0-0.1-0.1L2.1,14 l0.1-1.1C2.2,12.9,2.3,12.9,2.4,12.9C2.3,12.9,2.4,12.9,2.4,12.9z M3.1,12.2L3.3,14l-0.2,1.8c0,0.1,0,0.1-0.1,0.1 c-0.1,0-0.1,0-0.1-0.1L2.8,14L3,12.2C3,12.2,3,12.2,3.1,12.2C3.1,12.2,3.1,12.2,3.1,12.2z M3.9,11.9L4.1,14l-0.2,2.1 c0,0.1,0,0.1-0.1,0.1c-0.1,0-0.1,0-0.1-0.1L3.5,14l0.2-2.1c0-0.1,0-0.1,0.1-0.1C3.9,11.8,3.9,11.8,3.9,11.9z M4.7,11.9L4.9,14 l-0.2,2.1c0,0.1-0.1,0.1-0.1,0.1c-0.1,0-0.1,0-0.1-0.1L4.3,14l0.2-2.2c0-0.1,0-0.1,0.1-0.1C4.7,11.7,4.7,11.8,4.7,11.9z M5.6,12 l0.2,2l-0.2,2.1c0,0.1-0.1,0.1-0.1,0.1c0,0-0.1,0-0.1,0c0,0,0-0.1,0-0.1L5.1,14l0.2-2c0,0,0-0.1,0-0.1s0.1,0,0.1,0 C5.5,11.9,5.5,11.9,5.6,12L5.6,12z M6.4,10.7L6.6,14l-0.2,2.1c0,0,0,0.1,0,0.1c0,0-0.1,0-0.1,0c-0.1,0-0.1-0.1-0.2-0.2L5.9,14 l0.2-3.3c0-0.1,0.1-0.2,0.2-0.2c0,0,0.1,0,0.1,0C6.4,10.7,6.4,10.7,6.4,10.7z M7.2,10l0.2,4.1l-0.2,2.1c0,0,0,0.1,0,0.1 c0,0-0.1,0-0.1,0c-0.1,0-0.2-0.1-0.2-0.2l-0.1-2.1L6.8,10c0-0.1,0.1-0.2,0.2-0.2c0,0,0.1,0,0.1,0S7.2,9.9,7.2,10z M8,9.6L8.2,14 L8,16.1c0,0.1-0.1,0.2-0.2,0.2c-0.1,0-0.2-0.1-0.2-0.2L7.5,14l0.1-4.4c0-0.1,0-0.1,0.1-0.1c0,0,0.1-0.1,0.1-0.1c0.1,0,0.1,0,0.1,0.1 C8,9.6,8,9.6,8,9.6z M11.4,16.1L11.4,16.1L11.4,16.1z M9.7,9.6L9.8,14l-0.1,2.1c0,0.1,0,0.1-0.1,0.2s-0.1,0.1-0.2,0.1 c-0.1,0-0.1,0-0.1-0.1s-0.1-0.1-0.1-0.2L9.2,14l0.1-4.4c0-0.1,0-0.1,0.1-0.2s0.1-0.1,0.2-0.1c0.1,0,0.1,0,0.2,0.1S9.7,9.5,9.7,9.6 L9.7,9.6z M10.6,9.8l0.1,4.3l-0.1,2c0,0.1,0,0.1-0.1,0.2c0,0-0.1,0.1-0.2,0.1c-0.1,0-0.1,0-0.2-0.1c0,0-0.1-0.1-0.1-0.2L10,14 l0.1-4.3c0-0.1,0-0.1,0.1-0.2c0,0,0.1-0.1,0.2-0.1c0.1,0,0.1,0,0.2,0.1S10.6,9.7,10.6,9.8z M12.4,14l-0.1,2c0,0.1,0,0.1-0.1,0.2 c-0.1,0.1-0.1,0.1-0.2,0.1c-0.1,0-0.1,0-0.2-0.1c-0.1-0.1-0.1-0.1-0.1-0.2l-0.1-1l-0.1-1l0.1-5.5v0c0-0.1,0-0.2,0.1-0.2 c0.1,0,0.1-0.1,0.2-0.1c0,0,0.1,0,0.1,0c0.1,0,0.1,0.1,0.1,0.2L12.4,14z M22.1,13.9c0,0.7-0.2,1.3-0.7,1.7c-0.5,0.5-1.1,0.7-1.7,0.7 h-6.8c-0.1,0-0.1,0-0.2-0.1c-0.1-0.1-0.1-0.1-0.1-0.2V8.2c0-0.1,0.1-0.2,0.2-0.3c0.5-0.2,1-0.3,1.6-0.3c1.1,0,2.1,0.4,2.9,1.1 c0.8,0.8,1.3,1.7,1.4,2.8c0.3-0.1,0.6-0.2,1-0.2c0.7,0,1.3,0.2,1.7,0.7C21.8,12.6,22.1,13.2,22.1,13.9L22.1,13.9z\"><\/path><\/svg><span class=\"wp-block-social-link-label screen-reader-text\">SoundCloud<\/span><\/a><\/li><\/ul>\n\n\n\n<p><\/p>\n","protected":false},"excerpt":{"rendered":"<p>Les premi\u00e8res impressions d&rsquo;Andr\u00e9 Manoukian Extrait vid\u00e9o Twitch du 22\/03\/23 &#8211; Artist Music Program de MusicMatch \u00ab\u00a0\u00e7a fait tellement plaisir la r\u00e9volution de la femme feng-shui. Anita se fout de<a href=\"https:\/\/anita.top\/index.php\/medias\/\" class=\"more-link\"><span class=\"readmore\">Continue reading<span class=\"screen-reader-text\">M\u00e9dias<\/span><\/span><\/a><\/p>\n","protected":false},"author":1,"featured_media":0,"parent":0,"menu_order":0,"comment_status":"closed","ping_status":"closed","template":"","meta":{"_uag_custom_page_level_css":"","footnotes":""},"class_list":["post-2025","page","type-page","status-publish","hentry"],"uagb_featured_image_src":{"full":false,"thumbnail":false,"medium":false,"medium_large":false,"large":false,"1536x1536":false,"2048x2048":false,"post-thumbnail":false,"my-music-band-archive-top":false,"my-music-band-hero":false,"my-music-band-featured":false,"my-music-band-slider":false,"my-music-band-testimonial":false},"uagb_author_info":{"display_name":"Anita Fraysse","author_link":"https:\/\/anita.top\/index.php\/author\/admin3059\/"},"uagb_comment_info":0,"uagb_excerpt":"Les premi\u00e8res impressions d&rsquo;Andr\u00e9 Manoukian Extrait vid\u00e9o Twitch du 22\/03\/23 &#8211; Artist Music Program de MusicMatch \u00ab\u00a0\u00e7a fait tellement plaisir la r\u00e9volution de la femme feng-shui. Anita se fout deContinue readingM\u00e9dias","_links":{"self":[{"href":"https:\/\/anita.top\/index.php\/wp-json\/wp\/v2\/pages\/2025","targetHints":{"allow":["GET"]}}],"collection":[{"href":"https:\/\/anita.top\/index.php\/wp-json\/wp\/v2\/pages"}],"about":[{"href":"https:\/\/anita.top\/index.php\/wp-json\/wp\/v2\/types\/page"}],"author":[{"embeddable":true,"href":"https:\/\/anita.top\/index.php\/wp-json\/wp\/v2\/users\/1"}],"replies":[{"embeddable":true,"href":"https:\/\/anita.top\/index.php\/wp-json\/wp\/v2\/comments?post=2025"}],"version-history":[{"count":12,"href":"https:\/\/anita.top\/index.php\/wp-json\/wp\/v2\/pages\/2025\/revisions"}],"predecessor-version":[{"id":2253,"href":"https:\/\/anita.top\/index.php\/wp-json\/wp\/v2\/pages\/2025\/revisions\/2253"}],"wp:attachment":[{"href":"https:\/\/anita.top\/index.php\/wp-json\/wp\/v2\/media?parent=2025"}],"curies":[{"name":"wp","href":"https:\/\/api.w.org\/{rel}","templated":true}]}}