{"id":8,"date":"2022-11-20T21:03:36","date_gmt":"2022-11-20T20:03:36","guid":{"rendered":"http:\/\/anita.top\/?page_id=8"},"modified":"2026-01-03T22:49:44","modified_gmt":"2026-01-03T21:49:44","slug":"concerts","status":"publish","type":"page","link":"https:\/\/anita.top\/index.php\/concerts\/","title":{"rendered":"Agenda"},"content":{"rendered":"\n<figure class=\"wp-block-image size-full is-resized\"><img loading=\"lazy\" decoding=\"async\" width=\"1080\" height=\"1080\" src=\"https:\/\/anita.top\/wp-content\/uploads\/2026\/01\/anita-hiver-2026.png\" alt=\"\" class=\"wp-image-2304\" style=\"width:826px;height:auto\" srcset=\"https:\/\/anita.top\/wp-content\/uploads\/2026\/01\/anita-hiver-2026.png 1080w, https:\/\/anita.top\/wp-content\/uploads\/2026\/01\/anita-hiver-2026-300x300.png 300w, https:\/\/anita.top\/wp-content\/uploads\/2026\/01\/anita-hiver-2026-1024x1024.png 1024w, https:\/\/anita.top\/wp-content\/uploads\/2026\/01\/anita-hiver-2026-150x150.png 150w, https:\/\/anita.top\/wp-content\/uploads\/2026\/01\/anita-hiver-2026-768x768.png 768w, https:\/\/anita.top\/wp-content\/uploads\/2026\/01\/anita-hiver-2026-640x640.png 640w, https:\/\/anita.top\/wp-content\/uploads\/2026\/01\/anita-hiver-2026-180x180.png 180w\" sizes=\"auto, (max-width: 1080px) 100vw, 1080px\" \/><\/figure>\n\n\n\n<p><\/p>\n\n\n\n<div class=\"wp-block-uagb-advanced-heading uagb-block-fea099ec\"><h2 class=\"uagb-heading-text\">Ils et elles nous ont programm\u00e9s:<\/h2><\/div>\n\n\n\n<div class=\"wp-block-uagb-icon-list uagb-block-4029e013\"><div class=\"uagb-icon-list__wrap\">\n<div class=\"wp-block-uagb-icon-list-child uagb-block-856c8529\"><span class=\"uagb-icon-list__source-wrap\"><svg xmlns=\"https:\/\/www.w3.org\/2000\/svg\" viewBox=\"0 0 512 512\"><path d=\"M256 0C114.6 0 0 114.6 0 256c0 141.4 114.6 256 256 256s256-114.6 256-256C512 114.6 397.4 0 256 0zM406.6 278.6l-103.1 103.1c-12.5 12.5-32.75 12.5-45.25 0s-12.5-32.75 0-45.25L306.8 288H128C110.3 288 96 273.7 96 256s14.31-32 32-32h178.8l-49.38-49.38c-12.5-12.5-12.5-32.75 0-45.25s32.75-12.5 45.25 0l103.1 103.1C414.6 241.3 416 251.1 416 256C416 260.9 414.6 270.7 406.6 278.6z\"><\/path><\/svg><\/span><span class=\"uagb-icon-list__label\"> Pause Guitare, Caf\u00e9 Pl\u00f9m, La Pause Musicale, Festival D\u00e9tours de Chant, Festival du Morse, Le Club de Rodez, Festival \u00ab Tr\u00e8bes en Chanson \u00bb, Festival Les Nuits Gu\u00e9piennes, Espace JOB, Sofar, Festival Gindou Cin\u00e9ma, Le Bois de la Logette, etc.<\/span><\/div>\n<\/div><\/div>\n\n\n\n<p><\/p>\n","protected":false},"excerpt":{"rendered":"<p>Ils et elles nous ont programm\u00e9s:<\/p>\n","protected":false},"author":1,"featured_media":9,"parent":0,"menu_order":5,"comment_status":"closed","ping_status":"closed","template":"","meta":{"_uag_custom_page_level_css":"","footnotes":""},"class_list":["post-8","page","type-page","status-publish","has-post-thumbnail","hentry"],"uagb_featured_image_src":{"full":["https:\/\/anita.top\/wp-content\/uploads\/2022\/11\/Futile-insouciance-Grab-6.jpg",1920,1080,false],"thumbnail":["https:\/\/anita.top\/wp-content\/uploads\/2022\/11\/Futile-insouciance-Grab-6-150x150.jpg",150,150,true],"medium":["https:\/\/anita.top\/wp-content\/uploads\/2022\/11\/Futile-insouciance-Grab-6-300x169.jpg",300,169,true],"medium_large":["https:\/\/anita.top\/wp-content\/uploads\/2022\/11\/Futile-insouciance-Grab-6-768x432.jpg",768,432,true],"large":["https:\/\/anita.top\/wp-content\/uploads\/2022\/11\/Futile-insouciance-Grab-6-1024x576.jpg",990,557,true],"1536x1536":["https:\/\/anita.top\/wp-content\/uploads\/2022\/11\/Futile-insouciance-Grab-6-1536x864.jpg",1536,864,true],"2048x2048":["https:\/\/anita.top\/wp-content\/uploads\/2022\/11\/Futile-insouciance-Grab-6.jpg",1920,1080,false],"post-thumbnail":["https:\/\/anita.top\/wp-content\/uploads\/2022\/11\/Futile-insouciance-Grab-6.jpg",640,360,false],"my-music-band-archive-top":["https:\/\/anita.top\/wp-content\/uploads\/2022\/11\/Futile-insouciance-Grab-6.jpg",988,556,false],"my-music-band-hero":["https:\/\/anita.top\/wp-content\/uploads\/2022\/11\/Futile-insouciance-Grab-6.jpg",960,540,false],"my-music-band-featured":["https:\/\/anita.top\/wp-content\/uploads\/2022\/11\/Futile-insouciance-Grab-6.jpg",640,360,false],"my-music-band-slider":["https:\/\/anita.top\/wp-content\/uploads\/2022\/11\/Futile-insouciance-Grab-6.jpg",1920,1080,false],"my-music-band-testimonial":["https:\/\/anita.top\/wp-content\/uploads\/2022\/11\/Futile-insouciance-Grab-6.jpg",180,101,false]},"uagb_author_info":{"display_name":"Anita Fraysse","author_link":"https:\/\/anita.top\/index.php\/author\/admin3059\/"},"uagb_comment_info":0,"uagb_excerpt":"Ils et elles nous ont programm\u00e9s:","_links":{"self":[{"href":"https:\/\/anita.top\/index.php\/wp-json\/wp\/v2\/pages\/8","targetHints":{"allow":["GET"]}}],"collection":[{"href":"https:\/\/anita.top\/index.php\/wp-json\/wp\/v2\/pages"}],"about":[{"href":"https:\/\/anita.top\/index.php\/wp-json\/wp\/v2\/types\/page"}],"author":[{"embeddable":true,"href":"https:\/\/anita.top\/index.php\/wp-json\/wp\/v2\/users\/1"}],"replies":[{"embeddable":true,"href":"https:\/\/anita.top\/index.php\/wp-json\/wp\/v2\/comments?post=8"}],"version-history":[{"count":42,"href":"https:\/\/anita.top\/index.php\/wp-json\/wp\/v2\/pages\/8\/revisions"}],"predecessor-version":[{"id":2305,"href":"https:\/\/anita.top\/index.php\/wp-json\/wp\/v2\/pages\/8\/revisions\/2305"}],"wp:featuredmedia":[{"embeddable":true,"href":"https:\/\/anita.top\/index.php\/wp-json\/wp\/v2\/media\/9"}],"wp:attachment":[{"href":"https:\/\/anita.top\/index.php\/wp-json\/wp\/v2\/media?parent=8"}],"curies":[{"name":"wp","href":"https:\/\/api.w.org\/{rel}","templated":true}]}}